{"id":579,"date":"2024-07-17T14:33:04","date_gmt":"2024-07-17T12:33:04","guid":{"rendered":"http:\/\/www.deva-sk.eu\/?page_id=579"},"modified":"2026-03-29T17:21:46","modified_gmt":"2026-03-29T15:21:46","slug":"muj-ucet","status":"publish","type":"page","link":"https:\/\/www.deva-sk.eu\/cs\/muj-ucet\/","title":{"rendered":"M\u016fj \u00fa\u010det"},"content":{"rendered":"","protected":false},"excerpt":{"rendered":"","protected":false},"author":2,"featured_media":0,"parent":0,"menu_order":0,"comment_status":"closed","ping_status":"closed","template":"","meta":{"footnotes":""},"class_list":["post-579","page","type-page","status-publish","hentry"],"_links":{"self":[{"href":"https:\/\/www.deva-sk.eu\/cs\/wp-json\/wp\/v2\/pages\/579","targetHints":{"allow":["GET"]}}],"collection":[{"href":"https:\/\/www.deva-sk.eu\/cs\/wp-json\/wp\/v2\/pages"}],"about":[{"href":"https:\/\/www.deva-sk.eu\/cs\/wp-json\/wp\/v2\/types\/page"}],"author":[{"embeddable":true,"href":"https:\/\/www.deva-sk.eu\/cs\/wp-json\/wp\/v2\/users\/2"}],"replies":[{"embeddable":true,"href":"https:\/\/www.deva-sk.eu\/cs\/wp-json\/wp\/v2\/comments?post=579"}],"version-history":[{"count":1,"href":"https:\/\/www.deva-sk.eu\/cs\/wp-json\/wp\/v2\/pages\/579\/revisions"}],"predecessor-version":[{"id":647,"href":"https:\/\/www.deva-sk.eu\/cs\/wp-json\/wp\/v2\/pages\/579\/revisions\/647"}],"wp:attachment":[{"href":"https:\/\/www.deva-sk.eu\/cs\/wp-json\/wp\/v2\/media?parent=579"}],"curies":[{"name":"wp","href":"https:\/\/api.w.org\/{rel}","templated":true}]}}